{"id":367,"date":"2026-01-21T16:03:11","date_gmt":"2026-01-21T15:03:11","guid":{"rendered":"https:\/\/serenityspheremetz.com\/index.php\/about-theme\/"},"modified":"2026-03-23T09:44:18","modified_gmt":"2026-03-23T08:44:18","slug":"bienfaits","status":"publish","type":"page","link":"https:\/\/serenityspheremetz.com\/index.php\/bienfaits\/","title":{"rendered":"Nos bienfaits"},"content":{"rendered":"\r\n            <p>This is a theme template page created by Superb Addons. You can edit this page&#039;s content and its template. If the blocks you want to edit can&#039;t be found in the page content, please edit the selected template.<\/p>\r\n            ","protected":false},"excerpt":{"rendered":"<p>This is a theme template page created by Superb Addons. You can edit this page&#039;s content and its template. If the blocks you want to edit can&#039;t be found in the page content, please edit the selected template.<\/p>\n","protected":false},"author":1,"featured_media":0,"parent":0,"menu_order":0,"comment_status":"closed","ping_status":"closed","template":"about","meta":{"footnotes":""},"class_list":["post-367","page","type-page","status-publish","hentry"],"yoast_head":"<!-- This site is optimized with the Yoast SEO plugin v27.4 - https:\/\/yoast.com\/product\/yoast-seo-wordpress\/ -->\n<title>Nos bienfaits - SERENITY SPHERE METZ SERENITY SPHERE METZ | flottaison isolation sensorielle \u00e0 Metz<\/title>\n<meta name=\"description\" content=\"Venez d\u00e9couvrir les bienfaits de la flottaison en isolation sensorielle et enrichissez votre routine de d\u00e9tente.\" \/>\n<meta name=\"robots\" content=\"index, follow, max-snippet:-1, max-image-preview:large, max-video-preview:-1\" \/>\n<link rel=\"canonical\" href=\"https:\/\/serenityspheremetz.com\/index.php\/bienfaits\/\" \/>\n<meta property=\"og:locale\" content=\"fr_FR\" \/>\n<meta property=\"og:type\" content=\"article\" \/>\n<meta property=\"og:title\" content=\"Nos bienfaits - SERENITY SPHERE METZ SERENITY SPHERE METZ | flottaison isolation sensorielle \u00e0 Metz\" \/>\n<meta property=\"og:description\" content=\"Venez d\u00e9couvrir les bienfaits de la flottaison en isolation sensorielle et enrichissez votre routine de d\u00e9tente.\" \/>\n<meta property=\"og:url\" content=\"https:\/\/serenityspheremetz.com\/index.php\/bienfaits\/\" \/>\n<meta property=\"og:site_name\" content=\"SERENITY SPHERE METZ\" \/>\n<meta property=\"article:publisher\" content=\"https:\/\/www.facebook.com\/profile.php?id=61587849248213\" \/>\n<meta property=\"article:modified_time\" content=\"2026-03-23T08:44:18+00:00\" \/>\n<meta property=\"og:image\" content=\"https:\/\/serenityspheremetz.com\/wp-content\/uploads\/2026\/01\/WhatsApp-Image-2026-02-09-at-09.24.26.jpeg\" \/>\n\t<meta property=\"og:image:width\" content=\"577\" \/>\n\t<meta property=\"og:image:height\" content=\"512\" \/>\n\t<meta property=\"og:image:type\" content=\"image\/jpeg\" \/>\n<meta name=\"twitter:card\" content=\"summary_large_image\" \/>\n<meta name=\"twitter:label1\" content=\"Dur\u00e9e de lecture estim\u00e9e\" \/>\n\t<meta name=\"twitter:data1\" content=\"8 minutes\" \/>\n<script type=\"application\/ld+json\" class=\"yoast-schema-graph\">{\"@context\":\"https:\\\/\\\/schema.org\",\"@graph\":[{\"@type\":\"WebPage\",\"@id\":\"https:\\\/\\\/serenityspheremetz.com\\\/index.php\\\/bienfaits\\\/\",\"url\":\"https:\\\/\\\/serenityspheremetz.com\\\/index.php\\\/bienfaits\\\/\",\"name\":\"Nos bienfaits - SERENITY SPHERE METZ SERENITY SPHERE METZ | flottaison isolation sensorielle \u00e0 Metz\",\"isPartOf\":{\"@id\":\"https:\\\/\\\/serenityspheremetz.com\\\/#website\"},\"datePublished\":\"2026-01-21T15:03:11+00:00\",\"dateModified\":\"2026-03-23T08:44:18+00:00\",\"description\":\"Venez d\u00e9couvrir les bienfaits de la flottaison en isolation sensorielle et enrichissez votre routine de d\u00e9tente.\",\"breadcrumb\":{\"@id\":\"https:\\\/\\\/serenityspheremetz.com\\\/index.php\\\/bienfaits\\\/#breadcrumb\"},\"inLanguage\":\"fr-FR\",\"potentialAction\":[{\"@type\":\"ReadAction\",\"target\":[\"https:\\\/\\\/serenityspheremetz.com\\\/index.php\\\/bienfaits\\\/\"]}]},{\"@type\":\"BreadcrumbList\",\"@id\":\"https:\\\/\\\/serenityspheremetz.com\\\/index.php\\\/bienfaits\\\/#breadcrumb\",\"itemListElement\":[{\"@type\":\"ListItem\",\"position\":1,\"name\":\"Accueil\",\"item\":\"https:\\\/\\\/serenityspheremetz.com\\\/\"},{\"@type\":\"ListItem\",\"position\":2,\"name\":\"Nos bienfaits\"}]},{\"@type\":\"WebSite\",\"@id\":\"https:\\\/\\\/serenityspheremetz.com\\\/#website\",\"url\":\"https:\\\/\\\/serenityspheremetz.com\\\/\",\"name\":\"Serenity Sphere Metz\",\"description\":\"la flottaison en isolation sensorielle \u00e0 Metz\",\"publisher\":{\"@id\":\"https:\\\/\\\/serenityspheremetz.com\\\/#organization\"},\"potentialAction\":[{\"@type\":\"SearchAction\",\"target\":{\"@type\":\"EntryPoint\",\"urlTemplate\":\"https:\\\/\\\/serenityspheremetz.com\\\/?s={search_term_string}\"},\"query-input\":{\"@type\":\"PropertyValueSpecification\",\"valueRequired\":true,\"valueName\":\"search_term_string\"}}],\"inLanguage\":\"fr-FR\"},{\"@type\":\"Organization\",\"@id\":\"https:\\\/\\\/serenityspheremetz.com\\\/#organization\",\"name\":\"Serenity Sphere Metz\",\"url\":\"https:\\\/\\\/serenityspheremetz.com\\\/\",\"logo\":{\"@type\":\"ImageObject\",\"inLanguage\":\"fr-FR\",\"@id\":\"https:\\\/\\\/serenityspheremetz.com\\\/#\\\/schema\\\/logo\\\/image\\\/\",\"url\":\"https:\\\/\\\/serenityspheremetz.com\\\/wp-content\\\/uploads\\\/2026\\\/01\\\/logo.png\",\"contentUrl\":\"https:\\\/\\\/serenityspheremetz.com\\\/wp-content\\\/uploads\\\/2026\\\/01\\\/logo.png\",\"width\":144,\"height\":144,\"caption\":\"Serenity Sphere Metz\"},\"image\":{\"@id\":\"https:\\\/\\\/serenityspheremetz.com\\\/#\\\/schema\\\/logo\\\/image\\\/\"},\"sameAs\":[\"https:\\\/\\\/www.facebook.com\\\/profile.php?id=61587849248213\",\"https:\\\/\\\/www.instagram.com\\\/serenityspheremetz\\\/\",\"https:\\\/\\\/www.tiktok.com\\\/@serenityspheremetz\"]}]}<\/script>\n<!-- \/ Yoast SEO plugin. -->","yoast_head_json":{"title":"Nos bienfaits - SERENITY SPHERE METZ SERENITY SPHERE METZ | flottaison isolation sensorielle \u00e0 Metz","description":"Venez d\u00e9couvrir les bienfaits de la flottaison en isolation sensorielle et enrichissez votre routine de d\u00e9tente.","robots":{"index":"index","follow":"follow","max-snippet":"max-snippet:-1","max-image-preview":"max-image-preview:large","max-video-preview":"max-video-preview:-1"},"canonical":"https:\/\/serenityspheremetz.com\/index.php\/bienfaits\/","og_locale":"fr_FR","og_type":"article","og_title":"Nos bienfaits - SERENITY SPHERE METZ SERENITY SPHERE METZ | flottaison isolation sensorielle \u00e0 Metz","og_description":"Venez d\u00e9couvrir les bienfaits de la flottaison en isolation sensorielle et enrichissez votre routine de d\u00e9tente.","og_url":"https:\/\/serenityspheremetz.com\/index.php\/bienfaits\/","og_site_name":"SERENITY SPHERE METZ","article_publisher":"https:\/\/www.facebook.com\/profile.php?id=61587849248213","article_modified_time":"2026-03-23T08:44:18+00:00","og_image":[{"width":577,"height":512,"url":"https:\/\/serenityspheremetz.com\/wp-content\/uploads\/2026\/01\/WhatsApp-Image-2026-02-09-at-09.24.26.jpeg","type":"image\/jpeg"}],"twitter_card":"summary_large_image","twitter_misc":{"Dur\u00e9e de lecture estim\u00e9e":"8 minutes"},"schema":{"@context":"https:\/\/schema.org","@graph":[{"@type":"WebPage","@id":"https:\/\/serenityspheremetz.com\/index.php\/bienfaits\/","url":"https:\/\/serenityspheremetz.com\/index.php\/bienfaits\/","name":"Nos bienfaits - SERENITY SPHERE METZ SERENITY SPHERE METZ | flottaison isolation sensorielle \u00e0 Metz","isPartOf":{"@id":"https:\/\/serenityspheremetz.com\/#website"},"datePublished":"2026-01-21T15:03:11+00:00","dateModified":"2026-03-23T08:44:18+00:00","description":"Venez d\u00e9couvrir les bienfaits de la flottaison en isolation sensorielle et enrichissez votre routine de d\u00e9tente.","breadcrumb":{"@id":"https:\/\/serenityspheremetz.com\/index.php\/bienfaits\/#breadcrumb"},"inLanguage":"fr-FR","potentialAction":[{"@type":"ReadAction","target":["https:\/\/serenityspheremetz.com\/index.php\/bienfaits\/"]}]},{"@type":"BreadcrumbList","@id":"https:\/\/serenityspheremetz.com\/index.php\/bienfaits\/#breadcrumb","itemListElement":[{"@type":"ListItem","position":1,"name":"Accueil","item":"https:\/\/serenityspheremetz.com\/"},{"@type":"ListItem","position":2,"name":"Nos bienfaits"}]},{"@type":"WebSite","@id":"https:\/\/serenityspheremetz.com\/#website","url":"https:\/\/serenityspheremetz.com\/","name":"Serenity Sphere Metz","description":"la flottaison en isolation sensorielle \u00e0 Metz","publisher":{"@id":"https:\/\/serenityspheremetz.com\/#organization"},"potentialAction":[{"@type":"SearchAction","target":{"@type":"EntryPoint","urlTemplate":"https:\/\/serenityspheremetz.com\/?s={search_term_string}"},"query-input":{"@type":"PropertyValueSpecification","valueRequired":true,"valueName":"search_term_string"}}],"inLanguage":"fr-FR"},{"@type":"Organization","@id":"https:\/\/serenityspheremetz.com\/#organization","name":"Serenity Sphere Metz","url":"https:\/\/serenityspheremetz.com\/","logo":{"@type":"ImageObject","inLanguage":"fr-FR","@id":"https:\/\/serenityspheremetz.com\/#\/schema\/logo\/image\/","url":"https:\/\/serenityspheremetz.com\/wp-content\/uploads\/2026\/01\/logo.png","contentUrl":"https:\/\/serenityspheremetz.com\/wp-content\/uploads\/2026\/01\/logo.png","width":144,"height":144,"caption":"Serenity Sphere Metz"},"image":{"@id":"https:\/\/serenityspheremetz.com\/#\/schema\/logo\/image\/"},"sameAs":["https:\/\/www.facebook.com\/profile.php?id=61587849248213","https:\/\/www.instagram.com\/serenityspheremetz\/","https:\/\/www.tiktok.com\/@serenityspheremetz"]}]}},"jetpack_sharing_enabled":true,"_links":{"self":[{"href":"https:\/\/serenityspheremetz.com\/index.php\/wp-json\/wp\/v2\/pages\/367","targetHints":{"allow":["GET"]}}],"collection":[{"href":"https:\/\/serenityspheremetz.com\/index.php\/wp-json\/wp\/v2\/pages"}],"about":[{"href":"https:\/\/serenityspheremetz.com\/index.php\/wp-json\/wp\/v2\/types\/page"}],"author":[{"embeddable":true,"href":"https:\/\/serenityspheremetz.com\/index.php\/wp-json\/wp\/v2\/users\/1"}],"replies":[{"embeddable":true,"href":"https:\/\/serenityspheremetz.com\/index.php\/wp-json\/wp\/v2\/comments?post=367"}],"version-history":[{"count":1,"href":"https:\/\/serenityspheremetz.com\/index.php\/wp-json\/wp\/v2\/pages\/367\/revisions"}],"predecessor-version":[{"id":2201,"href":"https:\/\/serenityspheremetz.com\/index.php\/wp-json\/wp\/v2\/pages\/367\/revisions\/2201"}],"wp:attachment":[{"href":"https:\/\/serenityspheremetz.com\/index.php\/wp-json\/wp\/v2\/media?parent=367"}],"curies":[{"name":"wp","href":"https:\/\/api.w.org\/{rel}","templated":true}]}}