{"id":1552,"date":"2026-01-29T21:41:12","date_gmt":"2026-01-29T20:41:12","guid":{"rendered":"https:\/\/serenityspheremetz.com\/index.php\/mentions-legales\/"},"modified":"2026-02-13T15:42:39","modified_gmt":"2026-02-13T14:42:39","slug":"mentions-legales","status":"publish","type":"page","link":"https:\/\/serenityspheremetz.com\/index.php\/mentions-legales\/","title":{"rendered":"Mentions L\u00e9gales"},"content":{"rendered":"\n<main class=\"wp-block-group has-global-padding is-layout-constrained wp-container-core-group-is-layout-43a74457 wp-block-group-is-layout-constrained\" style=\"margin-top:0;margin-bottom:0;padding-top:0;padding-right:var(--wp--preset--spacing--superbspacing-small);padding-bottom:0;padding-left:var(--wp--preset--spacing--superbspacing-small)\">\n<h1 class=\"wp-block-heading has-text-align-center has-superbfont-xlarge-font-size\">Mentions L\u00e9gales &#8211; SERENITY SPHERE<\/h1>\n\n\n\n<p><\/p>\n\n\n\n<p><strong>IDENTITE DE L&rsquo;EDITEUR<\/strong> <\/p>\n\n\n\n<p>En vertu de l&rsquo;article 6 de la loi n\u00b0 2004-575 du 21 juin 2004 pour la confiance dans l&rsquo;\u00e9conomie num\u00e9rique, les informations suivantes sont port\u00e9es \u00e0 votre connaissance.<\/p>\n\n\n\n<p><\/p>\n\n\n\n<p><strong>EDITEUR<\/strong><\/p>\n\n\n\n<p>Adresse du si\u00e8ge social : 70 rue du 20\u00e8me corps am\u00e9ricain 57000 METZ<\/p>\n\n\n\n<p>T\u00e9l\u00e9phone : 09 74 36 95 40<\/p>\n\n\n\n<p>Email : contact@serenityspheremetz.fr<\/p>\n\n\n\n<p><\/p>\n\n\n\n<p><strong>DIRECTION DE LA PUBLICATION<\/strong><\/p>\n\n\n\n<p>Responsable de la publication : Romane BRES<\/p>\n\n\n\n<p>Courrier \u00e9lectronique : contact@serenityspheremetz.fr<\/p>\n\n\n\n<p><\/p>\n\n\n\n<p><strong>HEBERGEMENT<\/strong><\/p>\n\n\n\n<p>H\u00e9bergeur : <a href=\"https:\/\/www.ovhcloud.com\/fr\/\">OVH<\/a><\/p>\n\n\n\n<p>Adresse : 2 rue Kellermann &#8211; BP 80157 59100 Roubaix France<\/p>\n\n\n\n<p>T\u00e9l\u00e9phone : 09 72 10 10 07<\/p>\n\n\n\n<p>Site web : https:\/\/www.ovh.com<\/p>\n\n\n\n<p><\/p>\n\n\n\n<div style=\"height:33px\" aria-hidden=\"true\" class=\"wp-block-spacer\"><\/div>\n\n\n\n<p><\/p>\n\n\n\n<p class=\"has-text-align-left\"><strong>DEFINITIONS<\/strong><\/p>\n\n\n\n<p>Client : tout professionnel ou personne physique capable au sens des articles 1123 et suivants du Code civil, \u00e9galement structure l\u00e9gale, celle-ci navigue sur le Site objet des pr\u00e9sentes conditions.<\/p>\n\n\n\n<p>Services propos\u00e9s : Tous les services disponibles via https:\/\/serenityspheremetz.com\/ accessibles aux Clients.<\/p>\n\n\n\n<p>\u00c9l\u00e9ments : Ensemble des \u00e9l\u00e9ments constituants l&rsquo;information pr\u00e9sente sur le Site, incluant articles \u2013 photographies \u2013 s\u00e9quences vid\u00e9o.<\/p>\n\n\n\n<p>Informations clients : Appel\u00e9es \u00ab Informations personnelles \u00bb constituant la totalit\u00e9 des informations susceptibles d&rsquo;\u00eatre d\u00e9tenues par https:\/\/serenityspheremetz.com\/ pour l&rsquo;administration des comptes et l&rsquo;analyse des donn\u00e9es.<\/p>\n\n\n\n<p><\/p>\n\n\n\n<div style=\"height:33px\" aria-hidden=\"true\" class=\"wp-block-spacer\"><\/div>\n\n\n\n<p><\/p>\n\n\n\n<p><strong>CONDITIONS GENERALES D&rsquo;UTILISATION DU SITE INTERNET ET DES SERVICES PROPOSES<\/strong><\/p>\n\n\n\n<p>L&rsquo;utilisation du site https:\/\/serenityspheremetz.com\/ implique l&rsquo;acceptation pleine et enti\u00e8re des conditions g\u00e9n\u00e9rales d&rsquo;utilisation ci-apr\u00e8s d\u00e9crites. Ces conditions d&rsquo;utilisation sont susceptibles d&rsquo;\u00eatre modifi\u00e9es ou compl\u00e9t\u00e9es \u00e0 tout moment, les utilisateurs du site https:\/\/serenityspheremetz.com\/ sont donc invit\u00e9s \u00e0 les consulter de mani\u00e8re r\u00e9guli\u00e8re sont donc invit\u00e9s \u00e0 examiner fr\u00e9quemment.<\/p>\n\n\n\n<p>Le site est disponible 24h\/24 et 7j\/7. Des coupures pour maintenance peuvent intervenir pour raison de maintenance technique pourra \u00eatre programm\u00e9e.<\/p>\n\n\n\n<p>L&rsquo;ensemble du contenu du site rel\u00e8vent de la propri\u00e9t\u00e9 intellectuelle de l&rsquo;\u00e9diteur. Toute reproduction, distribution, modification, adaptation, retransmission ou publication, m\u00eame partielle, de ces diff\u00e9rents \u00e9l\u00e9ments est strictement interdite sans l&rsquo;accord expr\u00e8s par \u00e9crit de https:\/\/serenityspheremetz.com\/.<\/p>\n\n\n\n<p>Le contenu provient de sources r\u00e9put\u00e9es fiables. Toutefois, ces informations et\/ou documents sont susceptibles de contenir des inexactitudes techniques et des erreurs typographiques. Les corrections seront apport\u00e9es d\u00e8s que possible.<\/p>\n\n\n\n<p><\/p>\n\n\n\n<div style=\"height:33px\" aria-hidden=\"true\" class=\"wp-block-spacer\"><\/div>\n\n\n\n<p><\/p>\n\n\n\n<p><strong>TRAITEMENT DES DONNEES PERSONNELLES<\/strong><\/p>\n\n\n\n<p>Nous informons sur le cadre l\u00e9gal applicable, LCEN, Loi Informatique et Libert\u00e9s, et RGPD.<\/p>\n\n\n\n<p><\/p>\n\n\n\n<p><strong>DELEGUE A LA PROTECTION DES DONNEES<\/strong><\/p>\n\n\n\n<p>Concernant les donn\u00e9es collect\u00e9es lors de l&rsquo;inscription et de l&rsquo;utilisation, le responsable de traitement est : .<\/p>\n\n\n\n<p>En tant que responsable du traitement des donn\u00e9es qu&rsquo;il collecte, https:\/\/serenityspheremetz.com\/ s&rsquo;engage \u00e0 respecter le cadre des dispositions l\u00e9gales en vigueur. Il lui appartient notamment d&rsquo;\u00e9tablir les finalit\u00e9s de ses traitements de donn\u00e9es, de fournir \u00e0 ses prospects et clients, \u00e0 partir de la collecte de leurs consentements, une information compl\u00e8te sur le traitement de leurs donn\u00e9es personnelles et de maintenir un registre des traitements conforme \u00e0 la r\u00e9alit\u00e9.<\/p>\n\n\n\n<p>Nous veillons \u00e0 la qualit\u00e9 et \u00e0 la pertinence des donn\u00e9es trait\u00e9es.<\/p>\n\n\n\n<p><\/p>\n\n\n\n<p><strong>FINALITE DES DONNEES COLLECTEES<\/strong><\/p>\n\n\n\n<p>Nous pouvons traiter les donn\u00e9es suivantes :<\/p>\n\n\n\n<p>pour permettre la navigation sur le Site et la gestion et la tra\u00e7abilit\u00e9 des prestations et services command\u00e9s par l&rsquo;utilisateur : donn\u00e9es de connexion et d&rsquo;utilisation du Site, facturation, historique des commandes, etc,<br>pour pr\u00e9venir et lutter contre la fraude informatique (spamming, hacking\u2026) : mat\u00e9riel informatique utilis\u00e9 pour la navigation, l&rsquo;adresse IP, le mot de passe (hash\u00e9),<br>pour optimiser l&rsquo;exp\u00e9rience utilisateur,<br>dans le cadre d&rsquo;\u00e9tudes qualit\u00e9,<br>dans le cadre de la relation commerciale.<\/p>\n\n\n\n<p>Vos donn\u00e9es ne sont jamais vendues \u00e0 des tiers.<\/p>\n\n\n\n<p><\/p>\n\n\n\n<div style=\"height:33px\" aria-hidden=\"true\" class=\"wp-block-spacer\"><\/div>\n\n\n\n<p><\/p>\n\n\n\n<p class=\"has-text-align-left\"><strong>DONNEES TRAITEES<\/strong><\/p>\n\n\n\n<p><br><strong>DROITS RGPD<\/strong><\/p>\n\n\n\n<p>En application de la r\u00e9glementation applicable aux donn\u00e9es \u00e0 caract\u00e8re personnel, l&rsquo;utilisateur dispose d&rsquo;un droit d&rsquo;acc\u00e8s, de rectification, de suppression et d&rsquo;opposition de ses donn\u00e9es personnelles. Pour exercer ces droits, contactez notre DPO par courrier postal avec justificatif d&rsquo;identit\u00e9 ou par email en respectant les m\u00eames conditions avec mention de l&rsquo;adresse de correspondance. R\u00e9ponse sous 30 jours maximum.<\/p>\n\n\n\n<p>Si l&rsquo;Utilisateur souhaite savoir comment https:\/\/serenityspheremetz.com\/ utilise ses Donn\u00e9es Personnelles, veut demander \u00e0 les rectifier ou s&rsquo;oppose \u00e0 leur traitement, vous pouvez nous contacter aux coordonn\u00e9es ci-dessous :<\/p>\n\n\n\n<p>70 rue du 20\u00e8me corps am\u00e9ricain<br>57000<br>METZ<br>Email : contact@serenityspheremetz.fr<\/p>\n\n\n\n<p>Pour traiter votre demande, veuillez pr\u00e9ciser les donn\u00e9es concern\u00e9es par votre demande en s&rsquo;identifiant pr\u00e9cis\u00e9ment avec une copie d&rsquo;une pi\u00e8ce d&rsquo;identit\u00e9 (carte d&rsquo;identit\u00e9 ou passeport)<\/p>\n\n\n\n<p>La suppression peut \u00eatre limit\u00e9e par nos obligations r\u00e9glementaires, notamment en mati\u00e8re de conservation ou d&rsquo;archivage des documents.<\/p>\n\n\n\n<p>Par ailleurs, les clients peuvent adresser une plainte aux autorit\u00e9s comp\u00e9tentes en particulier de la CNIL (https:\/\/www.cnil.fr\/fr\/plaintes).<\/p>\n\n\n\n<p><\/p>\n\n\n\n<p><strong>NON COMMUNICATION DES DONNEES PERSONNELLES<\/strong><\/p>\n\n\n\n<p>https:\/\/serenityspheremetz.com\/ ne proc\u00e8de \u00e0 aucun transfert des informations personnelles vers des pays tiers non reconnus par l&rsquo;UE sans en informer pr\u00e9alablement le client.<\/p>\n\n\n\n<p>N\u00e9anmoins https:\/\/serenityspheremetz.com\/ reste libre du choix de ses sous-traitants \u00e0 la condition qu&rsquo;il pr\u00e9sentent les garanties suffisantes au regard des exigences du R\u00e8glement G\u00e9n\u00e9ral sur la Protection des Donn\u00e9es.<\/p>\n\n\n\n<p>Nous nous engageons \u00e0 mettre en \u0153uvre toutes les mesures de s\u00e9curit\u00e9 appropri\u00e9es en particulier pour \u00e9viter tout acc\u00e8s non autoris\u00e9.<\/p>\n\n\n\n<p>Toutefois, en cas de violation de donn\u00e9es personnelles l&rsquo;information et les actions correctives seront communiqu\u00e9es rapidement. Les donn\u00e9es sensibles sont exclues de la collecte.<\/p>\n\n\n\n<p><\/p>\n\n\n\n<p><strong>PROTECTION DES DONNEES<\/strong><\/p>\n\n\n\n<p>Pour assurer la s\u00e9curit\u00e9 et la confidentialit\u00e9 des Donn\u00e9es Personnelles et des Donn\u00e9es Personnelles de Sant\u00e9, https:\/\/serenityspheremetz.com\/ utilise des r\u00e9seaux prot\u00e9g\u00e9s par des dispositifs standards tels que pare-feu, cryptage, protection par mot de passe et anonymisation.<\/p>\n\n\n\n<p>Pendant la manipulation des donn\u00e9es, nous pr\u00e9venons toute perte, utilisation d\u00e9tourn\u00e9e, acc\u00e8s non autoris\u00e9, divulgation, alt\u00e9ration ou destruction.<\/p>\n\n\n\n<p><\/p>\n\n\n\n<p><strong>NOTIFICATION D&rsquo;INCIDENT<\/strong><\/p>\n\n\n\n<p>Bien que nous appliquions les meilleures pratiques, la s\u00e9curit\u00e9 absolue n&rsquo;existe pas. Une s\u00e9curit\u00e9 \u00e0 100% ne peut donc \u00eatre assur\u00e9e.<\/p>\n\n\n\n<p>Si nous prenions connaissance d&rsquo;une br\u00e8che de la s\u00e9curit\u00e9, nous avertirions les utilisateurs concern\u00e9s afin qu&rsquo;ils puissent prendre les mesures appropri\u00e9es.<\/p>\n\n\n\n<p>Les processus respectent le cadre r\u00e9glementaire, tant fran\u00e7aises qu&rsquo;europ\u00e9ennes. L&rsquo;information compl\u00e8te sur la s\u00e9curit\u00e9 est garantie.<\/p>\n\n\n\n<p>Vos donn\u00e9es personnelles ne sont jamais divulgu\u00e9es sans votre connaissance, ni partag\u00e9e, transmise ou commercialis\u00e9e aupr\u00e8s de partenaires. Uniquement en cas de cession d&rsquo;activit\u00e9, les donn\u00e9es pourraient \u00eatre transf\u00e9r\u00e9es, lequel devrait respecter les m\u00eames engagements de protection.<\/p>\n\n\n\n<p><\/p>\n\n\n\n<div style=\"height:33px\" aria-hidden=\"true\" class=\"wp-block-spacer\"><\/div>\n\n\n\n<p><\/p>\n\n\n\n<p><strong>LES COOKIES<\/strong><\/p>\n\n\n\n<p>Ce type de fichier constitue un fichier de donn\u00e9es stock\u00e9 sur l&rsquo;\u00e9quipement de l&rsquo;utilisateur (ordinateur, tablette, mobile), (d\u00e9nomm\u00e9s \u00ab <a href=\"https:\/\/fr.wikipedia.org\/wiki\/Cookie_(informatique)\">Cookies<\/a> \u00bb). Ces donn\u00e9es incluent les param\u00e8tres techniques de connexion et de navigation. Les Cookies ne risquent en aucun cas porter atteinte \u00e0 votre \u00e9quipement.<\/p>\n\n\n\n<p>Nous pouvons analyser les donn\u00e9es de navigation, incluant parcours et interactions. Ces donn\u00e9es servent \u00e0 l&rsquo;am\u00e9lioration continue du service.<\/p>\n\n\n\n<p>Ces fichiers am\u00e9liorent l&rsquo;utilisation du site, il est possible de g\u00e9rer les pr\u00e9f\u00e9rences de cookies de mani\u00e8re \u00e0 ce que des Cookies soient enregistr\u00e9s dans le terminal ou, au contraire, qu&rsquo;ils soient rejet\u00e9s de fa\u00e7on globale ou s\u00e9lective.<\/p>\n\n\n\n<p>Si vous choisissez de bloquer ces fichiers, certaines fonctionnalit\u00e9s pourraient \u00eatre restreintes. Cela pourrait \u00e9galement \u00eatre le cas lorsque https:\/\/serenityspheremetz.com\/ ou l&rsquo;un de ses prestataires ne peut pas reconna\u00eetre, \u00e0 des fins de compatibilit\u00e9 technique, le type de navigateur utilis\u00e9 par le terminal.<\/p>\n\n\n\n<p>Nous ne pourrons \u00eatre tenus responsables des dysfonctionnements, r\u00e9sultant (i) du refus de Cookies par l&rsquo;Utilisateur (ii) de l&rsquo;impossibilit\u00e9 pour https:\/\/serenityspheremetz.com\/ d&rsquo;enregistrer ou de consulter les Cookies n\u00e9cessaires.<\/p>\n\n\n\n<p>Le param\u00e9trage varie selon le navigateur utilis\u00e9, consultez l&rsquo;aide de votre navigateur pour personnaliser ces r\u00e9glages par l&rsquo;utilisation des fonctionnalit\u00e9s sociales, ces plateformes sont susceptibles d&rsquo;installer leurs propres traceurs. Leur installation n\u00e9cessite votre accord.<\/p>\n\n\n\n<p><\/p>\n\n\n\n<p><strong>TAGS ET BALISES DE SUIVI<\/strong><\/p>\n\n\n\n<p>Il peut \u00eatre fait usage de balises web aussi connues sous le nom de pixels espions ou web bugs via des prestataires sp\u00e9cialis\u00e9s en analytics dont les serveurs peuvent \u00eatre situ\u00e9s hors de France.<\/p>\n\n\n\n<p>On les trouve \u00e0 la fois dans les publicit\u00e9s en ligne permettant aux internautes d&rsquo;acc\u00e9der au Site, et sur les diff\u00e9rentes pages de celui-ci.<\/p>\n\n\n\n<p>Ces outils servent \u00e0 analyser le comportement des utilisateurs (par exemple, le nombre de fois o\u00f9 une page est ouverte et les informations consult\u00e9es), ainsi que l&rsquo;utilisation de ce Site par l&rsquo;Utilisateur.<\/p>\n\n\n\n<p>Les prestataires d&rsquo;analytics agr\u00e8gent les statistiques de navigation afin de constituer des rapports sur l&rsquo;activit\u00e9 du Site \u00e0 l&rsquo;attention de https:\/\/serenityspheremetz.com\/, et fournir d&rsquo;autres services relatifs \u00e0 l&rsquo;utilisation de celui-ci et d&rsquo;Internet.<\/p>\n\n\n\n<p><\/p>\n\n\n\n<p><strong>LIENS EXTERNES ET TECHNOLOGIES DE SUIVI<\/strong><\/p>\n\n\n\n<p>Le site https:\/\/serenityspheremetz.com\/ contient un certain nombre de liens hypertextes vers d&rsquo;autres sites, mis en place avec l&rsquo;autorisation de https:\/\/serenityspheremetz.com\/. Toutefois, nous ne contr\u00f4lons pas le contenu de ces sites externes, notre responsabilit\u00e9 ne saurait \u00eatre engag\u00e9e pour ces contenus externes.<\/p>\n\n\n\n<p>Sauf si vous d\u00e9cidez de d\u00e9sactiver les cookies, vous acceptez que le site puisse les utiliser. Vous pouvez \u00e0 tout moment d\u00e9sactiver ces cookies et ce gratuitement gr\u00e2ce aux outils de configuration d\u00e9crits, sachant que cela peut r\u00e9duire ou emp\u00eacher l&rsquo;accessibilit\u00e9 \u00e0 tout ou partie des Services propos\u00e9s par le site.<\/p>\n\n\n\n<p><\/p>\n\n\n\n<div style=\"height:33px\" aria-hidden=\"true\" class=\"wp-block-spacer\"><\/div>\n\n\n\n<p><\/p>\n\n\n\n<p><strong>LOI APPLICABLE ET TRIBUNAUX<\/strong><\/p>\n\n\n\n<p>La loi fran\u00e7aise s&rsquo;applique \u00e0 tout diff\u00e9rend relatif au site. Il est fait attribution exclusive de juridiction aux tribunaux comp\u00e9tents de Paris.<\/p>\n<\/main>\n","protected":false},"excerpt":{"rendered":"<p>Mentions L\u00e9gales &#8211; SERENITY SPHERE IDENTITE DE L&rsquo;EDITEUR En vertu de l&rsquo;article 6 de la loi n\u00b0 2004-575 du 21 juin 2004 pour la confiance dans l&rsquo;\u00e9conomie num\u00e9rique, les informations suivantes sont port\u00e9es \u00e0 votre connaissance. EDITEUR Adresse du si\u00e8ge social : 70 rue du 20\u00e8me corps am\u00e9ricain 57000 METZ T\u00e9l\u00e9phone : 09 74 36 [&hellip;]<\/p>\n","protected":false},"author":1,"featured_media":0,"parent":0,"menu_order":0,"comment_status":"closed","ping_status":"closed","template":"superbaddons-page-template","meta":{"footnotes":""},"class_list":["post-1552","page","type-page","status-publish","hentry"],"yoast_head":"<!-- This site is optimized with the Yoast SEO plugin v27.4 - https:\/\/yoast.com\/product\/yoast-seo-wordpress\/ -->\n<title>Mentions L\u00e9gales - SERENITY SPHERE METZ SERENITY SPHERE METZ | flottaison isolation sensorielle \u00e0 Metz<\/title>\n<meta name=\"description\" content=\"D\u00e9couvrez l\u2019exp\u00e9rience unique de flottaison en isolation sensorielle \u00e0 Metz : l\u00e2cher-prise total, r\u00e9duction du stress, d\u00e9tente profonde et r\u00e9cup\u00e9ration du corps et de l\u2019esprit. R\u00e9servez votre s\u00e9ance de bien-\u00eatre d\u00e8s aujourd\u2019hui !\" \/>\n<meta name=\"robots\" content=\"index, follow, max-snippet:-1, max-image-preview:large, max-video-preview:-1\" \/>\n<link rel=\"canonical\" href=\"https:\/\/serenityspheremetz.com\/index.php\/mentions-legales\/\" \/>\n<meta property=\"og:locale\" content=\"fr_FR\" \/>\n<meta property=\"og:type\" content=\"article\" \/>\n<meta property=\"og:title\" content=\"Mentions L\u00e9gales - SERENITY SPHERE METZ SERENITY SPHERE METZ | flottaison isolation sensorielle \u00e0 Metz\" \/>\n<meta property=\"og:description\" content=\"D\u00e9couvrez l\u2019exp\u00e9rience unique de flottaison en isolation sensorielle \u00e0 Metz : l\u00e2cher-prise total, r\u00e9duction du stress, d\u00e9tente profonde et r\u00e9cup\u00e9ration du corps et de l\u2019esprit. R\u00e9servez votre s\u00e9ance de bien-\u00eatre d\u00e8s aujourd\u2019hui !\" \/>\n<meta property=\"og:url\" content=\"https:\/\/serenityspheremetz.com\/index.php\/mentions-legales\/\" \/>\n<meta property=\"og:site_name\" content=\"SERENITY SPHERE METZ\" \/>\n<meta property=\"article:publisher\" content=\"https:\/\/www.facebook.com\/profile.php?id=61587849248213\" \/>\n<meta property=\"article:modified_time\" content=\"2026-02-13T14:42:39+00:00\" \/>\n<meta property=\"og:image\" content=\"https:\/\/serenityspheremetz.com\/wp-content\/uploads\/2026\/01\/WhatsApp-Image-2026-02-09-at-09.24.26.jpeg\" \/>\n\t<meta property=\"og:image:width\" content=\"577\" \/>\n\t<meta property=\"og:image:height\" content=\"512\" \/>\n\t<meta property=\"og:image:type\" content=\"image\/jpeg\" \/>\n<meta name=\"twitter:card\" content=\"summary_large_image\" \/>\n<meta name=\"twitter:label1\" content=\"Dur\u00e9e de lecture estim\u00e9e\" \/>\n\t<meta name=\"twitter:data1\" content=\"8 minutes\" \/>\n<script type=\"application\/ld+json\" class=\"yoast-schema-graph\">{\"@context\":\"https:\\\/\\\/schema.org\",\"@graph\":[{\"@type\":\"WebPage\",\"@id\":\"https:\\\/\\\/serenityspheremetz.com\\\/index.php\\\/mentions-legales\\\/\",\"url\":\"https:\\\/\\\/serenityspheremetz.com\\\/index.php\\\/mentions-legales\\\/\",\"name\":\"Mentions L\u00e9gales - SERENITY SPHERE METZ SERENITY SPHERE METZ | flottaison isolation sensorielle \u00e0 Metz\",\"isPartOf\":{\"@id\":\"https:\\\/\\\/serenityspheremetz.com\\\/#website\"},\"datePublished\":\"2026-01-29T20:41:12+00:00\",\"dateModified\":\"2026-02-13T14:42:39+00:00\",\"description\":\"D\u00e9couvrez l\u2019exp\u00e9rience unique de flottaison en isolation sensorielle \u00e0 Metz : l\u00e2cher-prise total, r\u00e9duction du stress, d\u00e9tente profonde et r\u00e9cup\u00e9ration du corps et de l\u2019esprit. R\u00e9servez votre s\u00e9ance de bien-\u00eatre d\u00e8s aujourd\u2019hui !\",\"breadcrumb\":{\"@id\":\"https:\\\/\\\/serenityspheremetz.com\\\/index.php\\\/mentions-legales\\\/#breadcrumb\"},\"inLanguage\":\"fr-FR\",\"potentialAction\":[{\"@type\":\"ReadAction\",\"target\":[\"https:\\\/\\\/serenityspheremetz.com\\\/index.php\\\/mentions-legales\\\/\"]}]},{\"@type\":\"BreadcrumbList\",\"@id\":\"https:\\\/\\\/serenityspheremetz.com\\\/index.php\\\/mentions-legales\\\/#breadcrumb\",\"itemListElement\":[{\"@type\":\"ListItem\",\"position\":1,\"name\":\"Accueil\",\"item\":\"https:\\\/\\\/serenityspheremetz.com\\\/\"},{\"@type\":\"ListItem\",\"position\":2,\"name\":\"Mentions L\u00e9gales\"}]},{\"@type\":\"WebSite\",\"@id\":\"https:\\\/\\\/serenityspheremetz.com\\\/#website\",\"url\":\"https:\\\/\\\/serenityspheremetz.com\\\/\",\"name\":\"Serenity Sphere Metz\",\"description\":\"la flottaison en isolation sensorielle \u00e0 Metz\",\"publisher\":{\"@id\":\"https:\\\/\\\/serenityspheremetz.com\\\/#organization\"},\"potentialAction\":[{\"@type\":\"SearchAction\",\"target\":{\"@type\":\"EntryPoint\",\"urlTemplate\":\"https:\\\/\\\/serenityspheremetz.com\\\/?s={search_term_string}\"},\"query-input\":{\"@type\":\"PropertyValueSpecification\",\"valueRequired\":true,\"valueName\":\"search_term_string\"}}],\"inLanguage\":\"fr-FR\"},{\"@type\":\"Organization\",\"@id\":\"https:\\\/\\\/serenityspheremetz.com\\\/#organization\",\"name\":\"Serenity Sphere Metz\",\"url\":\"https:\\\/\\\/serenityspheremetz.com\\\/\",\"logo\":{\"@type\":\"ImageObject\",\"inLanguage\":\"fr-FR\",\"@id\":\"https:\\\/\\\/serenityspheremetz.com\\\/#\\\/schema\\\/logo\\\/image\\\/\",\"url\":\"https:\\\/\\\/serenityspheremetz.com\\\/wp-content\\\/uploads\\\/2026\\\/01\\\/logo.png\",\"contentUrl\":\"https:\\\/\\\/serenityspheremetz.com\\\/wp-content\\\/uploads\\\/2026\\\/01\\\/logo.png\",\"width\":144,\"height\":144,\"caption\":\"Serenity Sphere Metz\"},\"image\":{\"@id\":\"https:\\\/\\\/serenityspheremetz.com\\\/#\\\/schema\\\/logo\\\/image\\\/\"},\"sameAs\":[\"https:\\\/\\\/www.facebook.com\\\/profile.php?id=61587849248213\",\"https:\\\/\\\/www.instagram.com\\\/serenityspheremetz\\\/\",\"https:\\\/\\\/www.tiktok.com\\\/@serenityspheremetz\"]}]}<\/script>\n<!-- \/ Yoast SEO plugin. -->","yoast_head_json":{"title":"Mentions L\u00e9gales - SERENITY SPHERE METZ SERENITY SPHERE METZ | flottaison isolation sensorielle \u00e0 Metz","description":"D\u00e9couvrez l\u2019exp\u00e9rience unique de flottaison en isolation sensorielle \u00e0 Metz : l\u00e2cher-prise total, r\u00e9duction du stress, d\u00e9tente profonde et r\u00e9cup\u00e9ration du corps et de l\u2019esprit. R\u00e9servez votre s\u00e9ance de bien-\u00eatre d\u00e8s aujourd\u2019hui !","robots":{"index":"index","follow":"follow","max-snippet":"max-snippet:-1","max-image-preview":"max-image-preview:large","max-video-preview":"max-video-preview:-1"},"canonical":"https:\/\/serenityspheremetz.com\/index.php\/mentions-legales\/","og_locale":"fr_FR","og_type":"article","og_title":"Mentions L\u00e9gales - SERENITY SPHERE METZ SERENITY SPHERE METZ | flottaison isolation sensorielle \u00e0 Metz","og_description":"D\u00e9couvrez l\u2019exp\u00e9rience unique de flottaison en isolation sensorielle \u00e0 Metz : l\u00e2cher-prise total, r\u00e9duction du stress, d\u00e9tente profonde et r\u00e9cup\u00e9ration du corps et de l\u2019esprit. R\u00e9servez votre s\u00e9ance de bien-\u00eatre d\u00e8s aujourd\u2019hui !","og_url":"https:\/\/serenityspheremetz.com\/index.php\/mentions-legales\/","og_site_name":"SERENITY SPHERE METZ","article_publisher":"https:\/\/www.facebook.com\/profile.php?id=61587849248213","article_modified_time":"2026-02-13T14:42:39+00:00","og_image":[{"width":577,"height":512,"url":"https:\/\/serenityspheremetz.com\/wp-content\/uploads\/2026\/01\/WhatsApp-Image-2026-02-09-at-09.24.26.jpeg","type":"image\/jpeg"}],"twitter_card":"summary_large_image","twitter_misc":{"Dur\u00e9e de lecture estim\u00e9e":"8 minutes"},"schema":{"@context":"https:\/\/schema.org","@graph":[{"@type":"WebPage","@id":"https:\/\/serenityspheremetz.com\/index.php\/mentions-legales\/","url":"https:\/\/serenityspheremetz.com\/index.php\/mentions-legales\/","name":"Mentions L\u00e9gales - SERENITY SPHERE METZ SERENITY SPHERE METZ | flottaison isolation sensorielle \u00e0 Metz","isPartOf":{"@id":"https:\/\/serenityspheremetz.com\/#website"},"datePublished":"2026-01-29T20:41:12+00:00","dateModified":"2026-02-13T14:42:39+00:00","description":"D\u00e9couvrez l\u2019exp\u00e9rience unique de flottaison en isolation sensorielle \u00e0 Metz : l\u00e2cher-prise total, r\u00e9duction du stress, d\u00e9tente profonde et r\u00e9cup\u00e9ration du corps et de l\u2019esprit. R\u00e9servez votre s\u00e9ance de bien-\u00eatre d\u00e8s aujourd\u2019hui !","breadcrumb":{"@id":"https:\/\/serenityspheremetz.com\/index.php\/mentions-legales\/#breadcrumb"},"inLanguage":"fr-FR","potentialAction":[{"@type":"ReadAction","target":["https:\/\/serenityspheremetz.com\/index.php\/mentions-legales\/"]}]},{"@type":"BreadcrumbList","@id":"https:\/\/serenityspheremetz.com\/index.php\/mentions-legales\/#breadcrumb","itemListElement":[{"@type":"ListItem","position":1,"name":"Accueil","item":"https:\/\/serenityspheremetz.com\/"},{"@type":"ListItem","position":2,"name":"Mentions L\u00e9gales"}]},{"@type":"WebSite","@id":"https:\/\/serenityspheremetz.com\/#website","url":"https:\/\/serenityspheremetz.com\/","name":"Serenity Sphere Metz","description":"la flottaison en isolation sensorielle \u00e0 Metz","publisher":{"@id":"https:\/\/serenityspheremetz.com\/#organization"},"potentialAction":[{"@type":"SearchAction","target":{"@type":"EntryPoint","urlTemplate":"https:\/\/serenityspheremetz.com\/?s={search_term_string}"},"query-input":{"@type":"PropertyValueSpecification","valueRequired":true,"valueName":"search_term_string"}}],"inLanguage":"fr-FR"},{"@type":"Organization","@id":"https:\/\/serenityspheremetz.com\/#organization","name":"Serenity Sphere Metz","url":"https:\/\/serenityspheremetz.com\/","logo":{"@type":"ImageObject","inLanguage":"fr-FR","@id":"https:\/\/serenityspheremetz.com\/#\/schema\/logo\/image\/","url":"https:\/\/serenityspheremetz.com\/wp-content\/uploads\/2026\/01\/logo.png","contentUrl":"https:\/\/serenityspheremetz.com\/wp-content\/uploads\/2026\/01\/logo.png","width":144,"height":144,"caption":"Serenity Sphere Metz"},"image":{"@id":"https:\/\/serenityspheremetz.com\/#\/schema\/logo\/image\/"},"sameAs":["https:\/\/www.facebook.com\/profile.php?id=61587849248213","https:\/\/www.instagram.com\/serenityspheremetz\/","https:\/\/www.tiktok.com\/@serenityspheremetz"]}]}},"jetpack_sharing_enabled":true,"_links":{"self":[{"href":"https:\/\/serenityspheremetz.com\/index.php\/wp-json\/wp\/v2\/pages\/1552","targetHints":{"allow":["GET"]}}],"collection":[{"href":"https:\/\/serenityspheremetz.com\/index.php\/wp-json\/wp\/v2\/pages"}],"about":[{"href":"https:\/\/serenityspheremetz.com\/index.php\/wp-json\/wp\/v2\/types\/page"}],"author":[{"embeddable":true,"href":"https:\/\/serenityspheremetz.com\/index.php\/wp-json\/wp\/v2\/users\/1"}],"replies":[{"embeddable":true,"href":"https:\/\/serenityspheremetz.com\/index.php\/wp-json\/wp\/v2\/comments?post=1552"}],"version-history":[{"count":3,"href":"https:\/\/serenityspheremetz.com\/index.php\/wp-json\/wp\/v2\/pages\/1552\/revisions"}],"predecessor-version":[{"id":2271,"href":"https:\/\/serenityspheremetz.com\/index.php\/wp-json\/wp\/v2\/pages\/1552\/revisions\/2271"}],"wp:attachment":[{"href":"https:\/\/serenityspheremetz.com\/index.php\/wp-json\/wp\/v2\/media?parent=1552"}],"curies":[{"name":"wp","href":"https:\/\/api.w.org\/{rel}","templated":true}]}}